{"id":15256,"date":"2015-04-15T11:36:51","date_gmt":"2015-04-15T11:36:51","guid":{"rendered":"http:\/\/demo.qodeinteractive.com\/bridge75\/?page_id=15256"},"modified":"2023-08-29T15:26:20","modified_gmt":"2023-08-29T15:26:20","slug":"home","status":"publish","type":"page","link":"https:\/\/nueva.abdrisk.com\/","title":{"rendered":"Home"},"content":{"rendered":"<p>[vc_row css_animation=\u00bb\u00bb row_type=\u00bbrow\u00bb use_row_as_full_screen_section=\u00bbno\u00bb type=\u00bbgrid\u00bb angled_section=\u00bbno\u00bb text_align=\u00bbleft\u00bb background_image_as_pattern=\u00bbwithout_pattern\u00bb][vc_column][vc_separator type=\u00bbnormal\u00bb up=\u00bb0&#8243; down=\u00bb0&#8243;][\/vc_column][\/vc_row][vc_row css_animation=\u00bb\u00bb row_type=\u00bbrow\u00bb use_row_as_full_screen_section=\u00bbno\u00bb type=\u00bbgrid\u00bb angled_section=\u00bbno\u00bb text_align=\u00bbleft\u00bb background_image_as_pattern=\u00bbwithout_pattern\u00bb padding_top=\u00bb72&#8243;][vc_column width=\u00bb1\/2&#8243;][vc_column_text]<style type=\"text\/css\" scoped>.rbs_gallery_6a041ae540668Spinner{\r\n\t\t\t\tmargin: 50px auto;\r\n\t\t\t\twidth: 50px;\r\n\t\t\t\theight: 40px;\r\n\t\t\t\ttext-align: center;\r\n\t\t\t\tfont-size: 10px;\r\n\t\t\t}\r\n\t\t\t.rbs_gallery_6a041ae540668Spinner > div{\r\n\t\t\t  background-color: #333;\r\n\t\t\t  height: 100%;\r\n\t\t\t  width: 6px;\r\n\t\t\t  display: inline-block;\r\n\t\t\t  -webkit-animation: rbs_gallery_6a041ae540668-stretchdelay 1.2s infinite ease-in-out;\r\n\t\t\t  animation: rbs_gallery_6a041ae540668-stretchdelay 1.2s infinite ease-in-out;\r\n\t\t\t}\r\n\t\t\t.rbs_gallery_6a041ae540668Spinner .rbs_gallery_6a041ae540668Rect2 {\r\n\t\t\t  -webkit-animation-delay: -1.1s;\r\n\t\t\t  animation-delay: -1.1s;\r\n\t\t\t}\r\n\t\t\t.rbs_gallery_6a041ae540668Spinner .rbs_gallery_6a041ae540668Rect3 {\r\n\t\t\t  -webkit-animation-delay: -1.0s;\r\n\t\t\t  animation-delay: -1.0s;\r\n\t\t\t}\r\n\t\t\t.rbs_gallery_6a041ae540668Spinner .rbs_gallery_6a041ae540668Rect4 {\r\n\t\t\t  -webkit-animation-delay: -0.9s;\r\n\t\t\t  animation-delay: -0.9s;\r\n\t\t\t}\r\n\t\t\t.rbs_gallery_6a041ae540668Spinner .rbs_gallery_6a041ae540668Rect5 {\r\n\t\t\t  -webkit-animation-delay: -0.8s;\r\n\t\t\t  animation-delay: -0.8s;\r\n\t\t\t}\r\n\t\t\t@-webkit-keyframes rbs_gallery_6a041ae540668-stretchdelay {\r\n\t\t\t  0%, 40%, 100% { -webkit-transform: scaleY(0.4) }  \r\n\t\t\t  20% { -webkit-transform: scaleY(1.0) }\r\n\t\t\t}\r\n\t\t\t@keyframes rbs_gallery_6a041ae540668-stretchdelay {\r\n\t\t\t  0%, 40%, 100% { \r\n\t\t\t    transform: scaleY(0.4);\r\n\t\t\t    -webkit-transform: scaleY(0.4);\r\n\t\t\t  }  20% { \r\n\t\t\t    transform: scaleY(1.0);\r\n\t\t\t    -webkit-transform: scaleY(1.0);\r\n\t\t\t  }\r\n\t\t\t}\r\n\t\t<\/style><div id=\"robo-gallery-slider-wraprbs_gallery_6a041ae540668\" class=\"robo-gallery-slider-wrap robo-gallery-slider-wrap-id16026 robo-gallery-slider\"><div id=\"rbs_gallery_6a041ae540668-block-loader\" class=\"rbs_gallery_6a041ae540668Spinner\"><div class=\"rbs_gallery_6a041ae540668Rect1\"><\/div> <div class=\"rbs_gallery_6a041ae540668Rect2\"><\/div> <div class=\"rbs_gallery_6a041ae540668Rect3\"><\/div> <div class=\"rbs_gallery_6a041ae540668Rect4\"><\/div> <div class=\"rbs_gallery_6a041ae540668Rect5\"><\/div><\/div><div id=\"robo-gallery-slider-block-rbs_gallery_6a041ae540668\"  data-options=\"rbs_gallery_6a041ae540668\" \r\n\t\t\t\t\tclass=\"swiper-container robo-gallery-slider-container robo-gallery-slider-16026\" \r\n\t\t\t\t\tstyle=\"width:100%;height:50vh;  display: none;\"\r\n\t\t\t\t\t\r\n\t\t\t\t><div id=\"rbs_gallery_6a041ae540668\" class=\"swiper-wrapper robo-slider-gallery  \"><div class=\"swiper-slide  \" \r\n \t\t\t\t\tstyle=\"background-image:url('https:\/\/nueva.abdrisk.com\/wp-content\/uploads\/2023\/03\/portada-media1.jpg');\" ><\/div><div class=\"swiper-slide  \" \r\n \t\t\t\t\tstyle=\"background-image:url('https:\/\/nueva.abdrisk.com\/wp-content\/uploads\/2023\/03\/portada-media2.jpg');\" ><\/div><div class=\"swiper-slide  \" \r\n \t\t\t\t\tstyle=\"background-image:url('https:\/\/nueva.abdrisk.com\/wp-content\/uploads\/2023\/03\/portada-media3.jpg');\" ><\/div><\/div><div class=\"swiper-button-prev\"><\/div><div class=\"swiper-button-next\"><\/div><div class=\"swiper-pagination\"><\/div><\/div><\/div><script>var rbs_gallery_6a041ae540668 = {\"version\":\"5.1.4\",\"id\":16026,\"class\":\"id16026\",\"roboGalleryDelay\":1000,\"mainContainer\":\"#robo_gallery_main_block_rbs_gallery_6a041ae540668\",\"loadingContainer\":\"#rbs_gallery_6a041ae540668-block-loader\",\"loadingContainerObj\":\"rbs_gallery_6a041ae540668-block-loader\",\"loop\":true,\"centeredSlides\":true,\"autoplay\":{\"delay\":2500,\"disableOnInteraction\":false},\"preloadImages\":true,\"updateOnImagesReady\":true,\"effect\":\"slide\",\"direction\":\"horizontal\",\"navigation\":{\"nextEl\":\".swiper-button-next\",\"prevEl\":\".swiper-button-prev\"},\"pagination\":{\"el\":\".swiper-pagination\",\"type\":\"bullets\",\"clickable\":true,\"dynamicBullets\":true},\"wrapContainer\":\"#robo-gallery-wrap-rbs_gallery_6a041ae540668\"};<\/script>[\/vc_column_text][vc_separator type=\u00bbnormal\u00bb up=\u00bb0&#8243; down=\u00bb0&#8243;][\/vc_column][vc_column width=\u00bb1\/2&#8243;][vc_column_text]<\/p>\n<h2>LA EMPRESA<\/h2>\n<p>[\/vc_column_text][vc_separator type=\u00bbnormal\u00bb][vc_column_text]Queremos desarrollar una asesor\u00eda integral para tus requerimientos, basados en nuestra experiencia y la normativa legal.[\/vc_column_text][vc_separator type=\u00bbnormal\u00bb]<a  itemprop=\"url\" href=\"https:\/\/nueva.abdrisk.com\/index.php\/quienes-somos\/\" target=\"_self\"  class=\"qbutton  default\" style=\"\">CONOZCA M\u00c1S<\/a>[vc_separator type=\u00bbnormal\u00bb][vc_column_text]<\/p>\n<h2>PAR\u00c1METROS DE MEDICI\u00d3N<\/h2>\n<p>[\/vc_column_text][vc_separator type=\u00bbnormal\u00bb][vc_column_text]Contamos una amplia gama de par\u00e1metros de medici\u00f3n en Higiene Industrial.[\/vc_column_text][vc_separator type=\u00bbnormal\u00bb]<a  itemprop=\"url\" href=\"https:\/\/nueva.abdrisk.com\/index.php\/higiene-industrial\/\" target=\"_self\"  class=\"qbutton  default\" style=\"\">CONOZCA M\u00c1S<\/a>[\/vc_column][\/vc_row][vc_row css_animation=\u00bb\u00bb row_type=\u00bbrow\u00bb use_row_as_full_screen_section=\u00bbno\u00bb type=\u00bbgrid\u00bb angled_section=\u00bbno\u00bb text_align=\u00bbleft\u00bb background_image_as_pattern=\u00bbwithout_pattern\u00bb padding_top=\u00bb89&#8243;][vc_column width=\u00bb2\/3&#8243;][vc_column_text]<\/p>\n<h3><strong>\u00bfPorqu\u00e9 elegirnos?<\/strong><\/h3>\n<p>[\/vc_column_text][vc_separator type=\u00bbsmall\u00bb position=\u00bbleft\u00bb][vc_column_text]<\/p>\n<h4>Somos un grupo de profesionales con m\u00e1s de 10 a\u00f1os de experiencia, comprometidos con la con la satisfacci\u00f3n de nuestros clientes.<\/h4>\n<p>[\/vc_column_text][vc_separator type=\u00bbtransparent\u00bb up=\u00bb14&#8243; down=\u00bb0&#8243;][vc_column_text]<\/p>\n<p align=\"justify\">Tenemos un grupo de profesionales capacitados espec\u00edficamente en la evaluaci\u00f3n y medici\u00f3n de riesgos laborales, con el fin de brindar resultados confiables y trazables bajo normas internacionalmente reconocidas.\u00a0 Contamos con equipos de medici\u00f3n estandarizados y calibrados que garantizan la fiabilidad de los resultados.<\/p>\n<p>[\/vc_column_text][vc_separator type=\u00bbtransparent\u00bb up=\u00bb29&#8243; down=\u00bb0&#8243;]<a  itemprop=\"url\" href=\"https:\/\/nueva.abdrisk.com\/index.php\/quienes-somos\/\" target=\"_self\"  class=\"qbutton  default\" style=\"\">CONOZCA M\u00c1S<\/a>[vc_separator type=\u00bbtransparent\u00bb up=\u00bb64&#8243; down=\u00bb0&#8243;][\/vc_column][vc_column width=\u00bb1\/3&#8243;][vc_single_image image=\u00bb15937&#8243; img_size=\u00bb300&#215;251&#8243; alignment=\u00bbcenter\u00bb style=\u00bbvc_box_shadow_border\u00bb qode_css_animation=\u00bb\u00bb][vc_separator type=\u00bbtransparent\u00bb up=\u00bb64&#8243; down=\u00bb0&#8243;][\/vc_column][\/vc_row][vc_row css_animation=\u00bb\u00bb row_type=\u00bbrow\u00bb use_row_as_full_screen_section=\u00bbno\u00bb type=\u00bbgrid\u00bb angled_section=\u00bbno\u00bb text_align=\u00bbleft\u00bb background_image_as_pattern=\u00bbwithout_pattern\u00bb padding_top=\u00bb135&#8243; padding_bottom=\u00bb135&#8243; z_index=\u00bb\u00bb background_color=\u00bb#d6d6d6&#8243;][vc_column offset=\u00bbvc_col-lg-offset-3 vc_col-lg-6 vc_col-md-offset-2 vc_col-md-8&#8243;][vc_row_inner row_type=\u00bbrow\u00bb type=\u00bbfull_width\u00bb text_align=\u00bbleft\u00bb css_animation=\u00bb\u00bb background_color=\u00bb#ffffff\u00bb padding_top=\u00bb12&#8243;][vc_column_inner css=\u00bb.vc_custom_1429523239624{padding-right: 20px !important;padding-left: 20px !important;}\u00bb]<div class=\"custom_font_holder\" style=\"font-family: Roboto; font-size: 24px; line-height: 31px; font-style: normal; font-weight: 700; color: #636363; text-decoration: none; letter-spacing: 0px; text-align: left;\">Cont\u00e1ctenos<\/div>[vc_separator type=\u00bbtransparent\u00bb up=\u00bb10&#8243; down=\u00bb0&#8243;]\n<div class=\"wpcf7 no-js\" id=\"wpcf7-f15387-o1\" lang=\"en-US\" dir=\"ltr\" data-wpcf7-id=\"15387\">\n<div class=\"screen-reader-response\"><p role=\"status\" aria-live=\"polite\" aria-atomic=\"true\"><\/p> <ul><\/ul><\/div>\n<form action=\"\/index.php\/wp-json\/wp\/v2\/pages\/15256#wpcf7-f15387-o1\" method=\"post\" class=\"wpcf7-form init cf7_custom_style_1\" aria-label=\"Contact form\" novalidate=\"novalidate\" data-status=\"init\">\n<fieldset class=\"hidden-fields-container\"><input type=\"hidden\" name=\"_wpcf7\" value=\"15387\" \/><input type=\"hidden\" name=\"_wpcf7_version\" value=\"6.1.5\" \/><input type=\"hidden\" name=\"_wpcf7_locale\" value=\"en_US\" \/><input type=\"hidden\" name=\"_wpcf7_unit_tag\" value=\"wpcf7-f15387-o1\" \/><input type=\"hidden\" name=\"_wpcf7_container_post\" value=\"0\" \/><input type=\"hidden\" name=\"_wpcf7_posted_data_hash\" value=\"\" \/><input type=\"hidden\" name=\"_wpcf7_recaptcha_response\" value=\"\" \/>\n<\/fieldset>\n<div class=\"two_columns_50_50 clearfix\">\n\n<div class=\"column1\">\n<div class=\"column_inner\">\n<span class=\"wpcf7-form-control-wrap\" data-name=\"first-name\"><input size=\"40\" maxlength=\"400\" class=\"wpcf7-form-control wpcf7-text wpcf7-validates-as-required\" aria-required=\"true\" aria-invalid=\"false\" placeholder=\"Nombre*\" value=\"\" type=\"text\" name=\"first-name\" \/><\/span>\n<\/div>\n<\/div>\n<div class=\"column2\">\n<div class=\"column_inner\">\n<span class=\"wpcf7-form-control-wrap\" data-name=\"last-name\"><input size=\"40\" maxlength=\"400\" class=\"wpcf7-form-control wpcf7-text wpcf7-validates-as-required\" aria-required=\"true\" aria-invalid=\"false\" placeholder=\"Apellido*\" value=\"\" type=\"text\" name=\"last-name\" \/><\/span>\n<\/div>\n<\/div>\n<\/div>\n\n<div class=\"two_columns_50_50 clearfix\">\n\n<div class=\"column1\">\n<div class=\"column_inner\">\n<span class=\"wpcf7-form-control-wrap\" data-name=\"email\"><input size=\"40\" maxlength=\"400\" class=\"wpcf7-form-control wpcf7-text wpcf7-validates-as-required\" aria-required=\"true\" aria-invalid=\"false\" placeholder=\"Email*\" value=\"\" type=\"text\" name=\"email\" \/><\/span>\n<\/div>\n<\/div>\n<div class=\"column2\">\n<div class=\"column_inner\">\n<span class=\"wpcf7-form-control-wrap\" data-name=\"subject\"><input size=\"40\" maxlength=\"400\" class=\"wpcf7-form-control wpcf7-text\" aria-invalid=\"false\" placeholder=\"Tel\u00e9fono\" value=\"\" type=\"text\" name=\"subject\" \/><\/span>\n<\/div>\n<\/div>\n<\/div>\n\n<p><span class=\"wpcf7-form-control-wrap\" data-name=\"message\"><textarea cols=\"40\" rows=\"10\" maxlength=\"2000\" class=\"wpcf7-form-control wpcf7-textarea wpcf7-validates-as-required\" aria-required=\"true\" aria-invalid=\"false\" placeholder=\"Consulta*\" name=\"message\"><\/textarea><\/span><\/p>\n<p><input class=\"wpcf7-form-control wpcf7-submit has-spinner\" type=\"submit\" value=\"CONTACTENOS\" \/><\/p><div class=\"wpcf7-response-output\" aria-hidden=\"true\"><\/div>\n<\/form>\n<\/div>\n[\/vc_column_inner][\/vc_row_inner][\/vc_column][\/vc_row]<\/p>\n","protected":false},"excerpt":{"rendered":"<p>[vc_row css_animation=\u00bb\u00bb row_type=\u00bbrow\u00bb use_row_as_full_screen_section=\u00bbno\u00bb type=\u00bbgrid\u00bb angled_section=\u00bbno\u00bb text_align=\u00bbleft\u00bb background_image_as_pattern=\u00bbwithout_pattern\u00bb][vc_column][vc_separator type=\u00bbnormal\u00bb up=\u00bb0&#8243; down=\u00bb0&#8243;][\/vc_column][\/vc_row][vc_row css_animation=\u00bb\u00bb row_type=\u00bbrow\u00bb use_row_as_full_screen_section=\u00bbno\u00bb type=\u00bbgrid\u00bb angled_section=\u00bbno\u00bb text_align=\u00bbleft\u00bb background_image_as_pattern=\u00bbwithout_pattern\u00bb padding_top=\u00bb72&#8243;][vc_column width=\u00bb1\/2&#8243;][vc_column_text][\/vc_column_text][vc_separator type=\u00bbnormal\u00bb up=\u00bb0&#8243; down=\u00bb0&#8243;][\/vc_column][vc_column width=\u00bb1\/2&#8243;][vc_column_text] LA EMPRESA [\/vc_column_text][vc_separator type=\u00bbnormal\u00bb][vc_column_text]Queremos desarrollar una asesor\u00eda integral para tus requerimientos, basados en nuestra experiencia y la normativa legal.[\/vc_column_text][vc_separator type=\u00bbnormal\u00bb][vc_separator type=\u00bbnormal\u00bb][vc_column_text]&#8230;<\/p>\n","protected":false},"author":1,"featured_media":0,"parent":0,"menu_order":0,"comment_status":"open","ping_status":"open","template":"full_width.php","meta":{"footnotes":""},"class_list":["post-15256","page","type-page","status-publish","hentry"],"_links":{"self":[{"href":"https:\/\/nueva.abdrisk.com\/index.php\/wp-json\/wp\/v2\/pages\/15256","targetHints":{"allow":["GET"]}}],"collection":[{"href":"https:\/\/nueva.abdrisk.com\/index.php\/wp-json\/wp\/v2\/pages"}],"about":[{"href":"https:\/\/nueva.abdrisk.com\/index.php\/wp-json\/wp\/v2\/types\/page"}],"author":[{"embeddable":true,"href":"https:\/\/nueva.abdrisk.com\/index.php\/wp-json\/wp\/v2\/users\/1"}],"replies":[{"embeddable":true,"href":"https:\/\/nueva.abdrisk.com\/index.php\/wp-json\/wp\/v2\/comments?post=15256"}],"version-history":[{"count":73,"href":"https:\/\/nueva.abdrisk.com\/index.php\/wp-json\/wp\/v2\/pages\/15256\/revisions"}],"predecessor-version":[{"id":16160,"href":"https:\/\/nueva.abdrisk.com\/index.php\/wp-json\/wp\/v2\/pages\/15256\/revisions\/16160"}],"wp:attachment":[{"href":"https:\/\/nueva.abdrisk.com\/index.php\/wp-json\/wp\/v2\/media?parent=15256"}],"curies":[{"name":"wp","href":"https:\/\/api.w.org\/{rel}","templated":true}]}}