{"id":15376,"date":"2015-04-21T11:24:55","date_gmt":"2015-04-21T11:24:55","guid":{"rendered":"http:\/\/demo.qodeinteractive.com\/bridge75\/?page_id=15376"},"modified":"2023-07-31T18:02:37","modified_gmt":"2023-07-31T18:02:37","slug":"servicios","status":"publish","type":"page","link":"https:\/\/nueva.abdrisk.com\/index.php\/servicios\/","title":{"rendered":"Servicios"},"content":{"rendered":"<p>[vc_row css_animation=\u00bb\u00bb row_type=\u00bbrow\u00bb use_row_as_full_screen_section=\u00bbno\u00bb type=\u00bbgrid\u00bb angled_section=\u00bbno\u00bb text_align=\u00bbleft\u00bb background_image_as_pattern=\u00bbwithout_pattern\u00bb padding_top=\u00bb90&#8243; padding_bottom=\u00bb75&#8243;][vc_column width=\u00bb1\/2&#8243;][vc_column_text]<\/p>\n<h3>SEGURIDAD INDUSTRIAL &amp; OPERACIONAL<\/h3>\n<p>[\/vc_column_text][vc_separator type=\u00bbsmall\u00bb position=\u00bbleft\u00bb][vc_column_text]<\/p>\n<ul>\n<li><span style=\"color: #333300;\">\u00a0Reglamentos de Higiene y Seguridad aprobados por el Ministerio del Trabajo<\/span><\/li>\n<li><span style=\"color: #333300;\">\u00a0Planes Integrales de Prevenci\u00f3n de Riesgos Laborales<\/span><\/li>\n<li><span style=\"color: #333300;\">Comit\u00e9s Paritarios de Seguridad<\/span><\/li>\n<li><span style=\"color: #333300;\">Planes de emergencia y Simulacros<\/span><\/li>\n<li><span style=\"color: #333300;\">Evaluaci\u00f3n de Riesgos Laborales<\/span><\/li>\n<li><span style=\"color: #333300;\">Seguridad Operacional SMS<\/span><\/li>\n<li><span style=\"color: #333300;\">Mediciones de Higiene Industrial<\/span><\/li>\n<li><span style=\"color: #333300;\">Capacitaciones<\/span><\/li>\n<\/ul>\n<p>[\/vc_column_text][vc_separator type=\u00bbtransparent\u00bb up=\u00bb40&#8243; down=\u00bb0&#8243;][vc_column_text]<\/p>\n<h3>LABORATORIO &amp; ACREDITACIONES<\/h3>\n<p>[\/vc_column_text][vc_separator type=\u00bbsmall\u00bb position=\u00bbleft\u00bb][vc_column_text]<\/p>\n<ul>\n<li><span style=\"color: #333300;\">Implementaci\u00f3n y certificaci\u00f3n de Sistemas Integrados ISO 9001, 14001, 45001.<\/span><\/li>\n<li><span style=\"color: #333300;\">Implementaci\u00f3n y acreditaci\u00f3n de laboratorios ambientales y de Higiene Industrial por el SAE (Servicio de Acreditaci\u00f3n Ecuatoriano).<\/span><\/li>\n<li><span style=\"color: #333300;\">Asesor\u00eda en el dise\u00f1o e implementaci\u00f3n de:<\/span><br \/>\n<span style=\"color: #333300;\">*HACCPC &#8211; An\u00e1lisis de Peligros y Puntos Cr\u00edticos de Control,<\/span><br \/>\n<span style=\"color: #333300;\">*BPM \u2013 Buenas Pr\u00e1cticas de Manufactura, de cosm\u00e9ticos, alimentos y medicamentos<\/span><br \/>\n<span style=\"color: #333300;\">*BPADT \u2013 Buenas Pr\u00e1cticas de Almacenamiento, Distribuci\u00f3n y Transporte<\/span><\/li>\n<li><span style=\"color: #333300;\">Asesor\u00eda y Soporte T\u00e9cnico en Licenciamiento de Centros Especializados del Sistema Nacional de Salud, cl\u00ednica de hemodi\u00e1lisis.<\/span><\/li>\n<\/ul>\n<p>[\/vc_column_text][vc_separator type=\u00bbtransparent\u00bb up=\u00bb40&#8243; down=\u00bb0&#8243;][vc_column_text]<\/p>\n<h3>CONT\u00c1CTENOS<\/h3>\n<p>[\/vc_column_text][vc_separator type=\u00bbtransparent\u00bb up=\u00bb40&#8243; down=\u00bb0&#8243;]\n<div class=\"wpcf7 no-js\" id=\"wpcf7-f15387-o1\" lang=\"en-US\" dir=\"ltr\" data-wpcf7-id=\"15387\">\n<div class=\"screen-reader-response\"><p role=\"status\" aria-live=\"polite\" aria-atomic=\"true\"><\/p> <ul><\/ul><\/div>\n<form action=\"\/index.php\/wp-json\/wp\/v2\/pages\/15376#wpcf7-f15387-o1\" method=\"post\" class=\"wpcf7-form init cf7_custom_style_2\" aria-label=\"Contact form\" novalidate=\"novalidate\" data-status=\"init\">\n<fieldset class=\"hidden-fields-container\"><input type=\"hidden\" name=\"_wpcf7\" value=\"15387\" \/><input type=\"hidden\" name=\"_wpcf7_version\" value=\"6.1.5\" \/><input type=\"hidden\" name=\"_wpcf7_locale\" value=\"en_US\" \/><input type=\"hidden\" name=\"_wpcf7_unit_tag\" value=\"wpcf7-f15387-o1\" \/><input type=\"hidden\" name=\"_wpcf7_container_post\" value=\"0\" \/><input type=\"hidden\" name=\"_wpcf7_posted_data_hash\" value=\"\" \/><input type=\"hidden\" name=\"_wpcf7_recaptcha_response\" value=\"\" \/>\n<\/fieldset>\n<div class=\"two_columns_50_50 clearfix\">\n\n<div class=\"column1\">\n<div class=\"column_inner\">\n<span class=\"wpcf7-form-control-wrap\" data-name=\"first-name\"><input size=\"40\" maxlength=\"400\" class=\"wpcf7-form-control wpcf7-text wpcf7-validates-as-required\" aria-required=\"true\" aria-invalid=\"false\" placeholder=\"Nombre*\" value=\"\" type=\"text\" name=\"first-name\" \/><\/span>\n<\/div>\n<\/div>\n<div class=\"column2\">\n<div class=\"column_inner\">\n<span class=\"wpcf7-form-control-wrap\" data-name=\"last-name\"><input size=\"40\" maxlength=\"400\" class=\"wpcf7-form-control wpcf7-text wpcf7-validates-as-required\" aria-required=\"true\" aria-invalid=\"false\" placeholder=\"Apellido*\" value=\"\" type=\"text\" name=\"last-name\" \/><\/span>\n<\/div>\n<\/div>\n<\/div>\n\n<div class=\"two_columns_50_50 clearfix\">\n\n<div class=\"column1\">\n<div class=\"column_inner\">\n<span class=\"wpcf7-form-control-wrap\" data-name=\"email\"><input size=\"40\" maxlength=\"400\" class=\"wpcf7-form-control wpcf7-text wpcf7-validates-as-required\" aria-required=\"true\" aria-invalid=\"false\" placeholder=\"Email*\" value=\"\" type=\"text\" name=\"email\" \/><\/span>\n<\/div>\n<\/div>\n<div class=\"column2\">\n<div class=\"column_inner\">\n<span class=\"wpcf7-form-control-wrap\" data-name=\"subject\"><input size=\"40\" maxlength=\"400\" class=\"wpcf7-form-control wpcf7-text\" aria-invalid=\"false\" placeholder=\"Tel\u00e9fono\" value=\"\" type=\"text\" name=\"subject\" \/><\/span>\n<\/div>\n<\/div>\n<\/div>\n\n<p><span class=\"wpcf7-form-control-wrap\" data-name=\"message\"><textarea cols=\"40\" rows=\"10\" maxlength=\"2000\" class=\"wpcf7-form-control wpcf7-textarea wpcf7-validates-as-required\" aria-required=\"true\" aria-invalid=\"false\" placeholder=\"Consulta*\" name=\"message\"><\/textarea><\/span><\/p>\n<p><input class=\"wpcf7-form-control wpcf7-submit has-spinner\" type=\"submit\" value=\"CONTACTENOS\" \/><\/p><div class=\"wpcf7-response-output\" aria-hidden=\"true\"><\/div>\n<\/form>\n<\/div>\n[\/vc_column][vc_column width=\u00bb1\/2&#8243;][vc_column_text]<\/p>\n<h3>GESTI\u00d3N AMBIENTAL<\/h3>\n<p>[\/vc_column_text][vc_separator type=\u00bbsmall\u00bb position=\u00bbleft\u00bb][vc_column_text]<\/p>\n<ul>\n<li style=\"text-align: left;\"><span style=\"color: #333300;\">Certificados, registros y licencias ambientales<\/span><\/li>\n<li style=\"text-align: left;\"><span style=\"color: #333300;\">Auditorias Ambientales de Cumplimiento<\/span><\/li>\n<li style=\"text-align: left;\"><span style=\"color: #333300;\">Planes de Manejo Ambiental<\/span><\/li>\n<li style=\"text-align: left;\"><span style=\"color: #333300;\">Registro de Generador de Desechos<\/span><\/li>\n<li style=\"text-align: left;\"><span style=\"color: #333300;\">Muestreo y Mediciones Ambientales<\/span><\/li>\n<li style=\"text-align: left;\"><span style=\"color: #333300;\">Capacitaciones<\/span><\/li>\n<\/ul>\n<p>[\/vc_column_text][vc_separator type=\u00bbtransparent\u00bb up=\u00bb40&#8243; down=\u00bb0&#8243;][vc_separator type=\u00bbtransparent\u00bb up=\u00bb50&#8243; down=\u00bb0&#8243;][vc_column_text]<\/p>\n<h3>PERMISOS DE FUNCIONAMIENTO<\/h3>\n<p>[\/vc_column_text][vc_separator type=\u00bbsmall\u00bb position=\u00bbleft\u00bb][vc_column_text]<\/p>\n<ul>\n<li><span style=\"color: #333300;\">Bomberos<\/span><\/li>\n<li><span style=\"color: #333300;\">Permiso Ambiental<\/span><\/li>\n<li><span style=\"color: #333300;\">LUAE<\/span><\/li>\n<li><span style=\"color: #333300;\">ARCSA<\/span><\/li>\n<\/ul>\n<p>[\/vc_column_text][vc_separator type=\u00bbtransparent\u00bb up=\u00bb40&#8243; down=\u00bb0&#8243;][\/vc_column][\/vc_row]<\/p>\n","protected":false},"excerpt":{"rendered":"<p>[vc_row css_animation=\u00bb\u00bb row_type=\u00bbrow\u00bb use_row_as_full_screen_section=\u00bbno\u00bb type=\u00bbgrid\u00bb angled_section=\u00bbno\u00bb text_align=\u00bbleft\u00bb background_image_as_pattern=\u00bbwithout_pattern\u00bb padding_top=\u00bb90&#8243; padding_bottom=\u00bb75&#8243;][vc_column width=\u00bb1\/2&#8243;][vc_column_text] SEGURIDAD INDUSTRIAL &amp; OPERACIONAL [\/vc_column_text][vc_separator type=\u00bbsmall\u00bb position=\u00bbleft\u00bb][vc_column_text] \u00a0Reglamentos de Higiene y Seguridad aprobados por el Ministerio del Trabajo \u00a0Planes Integrales de Prevenci\u00f3n de Riesgos Laborales Comit\u00e9s Paritarios de Seguridad Planes de emergencia y Simulacros&#8230;<\/p>\n","protected":false},"author":1,"featured_media":0,"parent":0,"menu_order":0,"comment_status":"open","ping_status":"open","template":"full_width.php","meta":{"footnotes":""},"class_list":["post-15376","page","type-page","status-publish","hentry"],"_links":{"self":[{"href":"https:\/\/nueva.abdrisk.com\/index.php\/wp-json\/wp\/v2\/pages\/15376","targetHints":{"allow":["GET"]}}],"collection":[{"href":"https:\/\/nueva.abdrisk.com\/index.php\/wp-json\/wp\/v2\/pages"}],"about":[{"href":"https:\/\/nueva.abdrisk.com\/index.php\/wp-json\/wp\/v2\/types\/page"}],"author":[{"embeddable":true,"href":"https:\/\/nueva.abdrisk.com\/index.php\/wp-json\/wp\/v2\/users\/1"}],"replies":[{"embeddable":true,"href":"https:\/\/nueva.abdrisk.com\/index.php\/wp-json\/wp\/v2\/comments?post=15376"}],"version-history":[{"count":36,"href":"https:\/\/nueva.abdrisk.com\/index.php\/wp-json\/wp\/v2\/pages\/15376\/revisions"}],"predecessor-version":[{"id":16039,"href":"https:\/\/nueva.abdrisk.com\/index.php\/wp-json\/wp\/v2\/pages\/15376\/revisions\/16039"}],"wp:attachment":[{"href":"https:\/\/nueva.abdrisk.com\/index.php\/wp-json\/wp\/v2\/media?parent=15376"}],"curies":[{"name":"wp","href":"https:\/\/api.w.org\/{rel}","templated":true}]}}