{"id":15951,"date":"2023-03-27T02:52:36","date_gmt":"2023-03-27T02:52:36","guid":{"rendered":"https:\/\/nueva.abdrisk.com\/?page_id=15951"},"modified":"2023-10-05T18:28:00","modified_gmt":"2023-10-05T18:28:00","slug":"higiene-industrial","status":"publish","type":"page","link":"https:\/\/nueva.abdrisk.com\/index.php\/higiene-industrial\/","title":{"rendered":"Higiene Industrial"},"content":{"rendered":"<p>[vc_row css_animation=\u00bb\u00bb row_type=\u00bbrow\u00bb use_row_as_full_screen_section=\u00bbno\u00bb type=\u00bbfull_width\u00bb angled_section=\u00bbno\u00bb text_align=\u00bbleft\u00bb background_image_as_pattern=\u00bbwithout_pattern\u00bb][vc_column width=\u00bb1\/6&#8243;][\/vc_column][vc_column width=\u00bb2\/3&#8243;][vc_column_text]<div class=\"rtbs rtbs_tab_ori rtbs_abd-tabs\"><div class=\"rtbs_slug\" style=\"display:none\">abd-tabs<\/div><div class=\"rtbs_inactive_tab_background\" style=\"display:none\">whitesmoke<\/div><div class=\"rtbs_breakpoint\" style=\"display:none\">600<\/div><div class=\"rtbs_color\" style=\"display:none\">#9b0106<\/div>\r\n        <div class=\"rtbs_menu\">\r\n            <ul>\r\n                <li class=\"mobile_toggle\">&zwnj;<\/li><li class=\"current\"><a style=\"background:#9b0106\" class=\"active abd-tabs-tab-link-0\" href=\"#\" data-tab=\"#abd-tabs-tab-0\">Estr\u00e9s T\u00e9rmico<\/a><\/li><li><a href=\"#\" data-tab=\"#abd-tabs-tab-1\" class=\"abd-tabs-tab-link-1\">Ruido Laboral<\/a><\/li><li><a href=\"#\" data-tab=\"#abd-tabs-tab-2\" class=\"abd-tabs-tab-link-2\">Mapa de Ruido<\/a><\/li><li><a href=\"#\" data-tab=\"#abd-tabs-tab-3\" class=\"abd-tabs-tab-link-3\">Riesgo Qu\u00edmico<\/a><\/li><li><a href=\"#\" data-tab=\"#abd-tabs-tab-4\" class=\"abd-tabs-tab-link-4\">Iluminaci\u00f3n<\/a><\/li><li><a href=\"#\" data-tab=\"#abd-tabs-tab-5\" class=\"abd-tabs-tab-link-5\">Radiaciones No ionizantes<\/a><\/li><li><a href=\"#\" data-tab=\"#abd-tabs-tab-6\" class=\"abd-tabs-tab-link-6\">Vibraciones<\/a><\/li><li><a href=\"#\" data-tab=\"#abd-tabs-tab-7\" class=\"abd-tabs-tab-link-7\">Mano \u2013 Brazo\u00a0<\/a><\/li><li><a href=\"#\" data-tab=\"#abd-tabs-tab-8\" class=\"abd-tabs-tab-link-8\">Riesgos Biol\u00f3gicos<\/a><\/li><li><a href=\"#\" data-tab=\"#abd-tabs-tab-9\" class=\"abd-tabs-tab-link-9\">Riesgos Ergon\u00f3micos<\/a><\/li>\r\n            <\/ul>\r\n        <\/div><div style=\"border-top:7px solid #9b0106;\" id=\"abd-tabs-tab-0\" class=\"rtbs_content active\"><h5><span style=\"color: #000000\"><strong>Descripci\u00f3n del Servicio:<\/strong><\/span><\/h5>\n<p>\u00a0<\/p>\n<p><span style=\"color: #333300\">Por medio de una toma de datos de temperatura en el puesto evaluado, se determina el WGBT (Web Bulb Globe Temperature). <\/span><\/p>\n<p><span style=\"color: #333300\">Esta medida se realizar\u00e1 bajo lo descrito en la norma ISO 7243. Los valores ser\u00e1n comparados con lo dispuesto en el decreto Ejecutivo 2393 art. 54, numeral 2 literal e, que indica:<\/span><\/p>\n<div style=\"margin-top:30px; clear:both;\"><\/div><\/div><div style=\"border-top:7px solid #9b0106;\" id=\"abd-tabs-tab-1\" class=\"rtbs_content\"><h5><span style=\"color: #000000\"><strong>Descripci\u00f3n del Servicio:<\/strong><\/span><\/h5>\n<p>\u00a0<\/p>\n<p><span style=\"color: #333300\">El art. 55 del Decreto Ejecutivo 2393 establece que el l\u00edmite m\u00e1ximo permisible para 8 horas de trabajo es de 85 dB, y para trabajos de \u00edndole intelectual un l\u00edmite m\u00e1ximo de 6 horas.\u00a0<\/span><\/p>\n<p>\u00a0<\/p>\n<p><span style=\"color: #333300\">La medici\u00f3n de ruido laboral podr\u00e1 ser ejecutada por 3 estrategias de muestreo dependiendo de las condiciones particulares de la medici\u00f3n:<\/span><\/p>\n<p>\u00a0<\/p>\n<p><span style=\"color: #333300\"><strong>a)<\/strong> Basada en la tarea: el trabajo a realizar en la jornada laboral se subdivide en un determinado n\u00famero de tareas representativas que son medidas independientemente.<\/span><\/p>\n<p>\u00a0<\/p>\n<p><span style=\"color: #333300\"><strong>b)<\/strong> Basada en el puesto de trabajo (funci\u00f3n): la medici\u00f3n se realiza sobre trabajadores que desarrollan diferentes tareas en su puesto de trabajo, dif\u00edcilmente subdivisibles y, por lo general, en el marco de un Grupo Homog\u00e9neo.<\/span><\/p>\n<p>\u00a0<\/p>\n<p><span style=\"color: #333300\"><strong>c)<\/strong> Jornada completa: la medici\u00f3n se lleva a cabo a lo largo de toda la jornada laboral, que normalmente se realizar\u00e1 a trav\u00e9s de un dos\u00edmetro colocado a los trabajadores a ser evaluados.<\/span><\/p>\n<div style=\"margin-top:30px; clear:both;\"><\/div><\/div><div style=\"border-top:7px solid #9b0106;\" id=\"abd-tabs-tab-2\" class=\"rtbs_content\"><h5><span style=\"color: #000000\"><strong>Descripci\u00f3n del Servicio:\u00a0<\/strong><\/span><\/h5>\n<p>\u00a0<\/p>\n<p><span style=\"color: #333300\">El mapa de ruido o mapa de is\u00f3fonas es un servicio que le permite al cliente visualizar de manera gr\u00e1fica los niveles de presi\u00f3n sonora de su instalaci\u00f3n y as\u00ed, establecer zonas cr\u00edticas donde se requiere el uso de protecci\u00f3n auditiva o mitigar el riesgo ruido de zonas afectadas.<\/span><\/p>\n<p>\u00a0<\/p>\n<p><span style=\"color: #333300\">Los valores de ruido son tomados dise\u00f1ando una ret\u00edcula imaginaria para disponer de un n\u00famero de puntos, que depender\u00e1 de los niveles de ruido y la superficie total a evaluarse.\u00a0<\/span><\/p>\n<div style=\"margin-top:30px; clear:both;\"><\/div><\/div><div style=\"border-top:7px solid #9b0106;\" id=\"abd-tabs-tab-3\" class=\"rtbs_content\"><h5><span style=\"color: #000000\"><strong>Descripci\u00f3n del Servicio:<\/strong><\/span><\/h5>\n<p>\u00a0<\/p>\n<p><span style=\"color: #333300\">La evaluaci\u00f3n del riesgo qu\u00edmico en los espacios laborales est\u00e1 dise\u00f1ada para cada tipo de industria y actividades espec\u00edficas que se realicen por parte de los clientes. En este sentido, los m\u00e9todos a usarse como referencia son los descritos a continuaci\u00f3n:<\/span><\/p>\n<p>\u00a0<\/p>\n<p><span style=\"color: #333300\">NIOSH 1501 \u2013 BETX (Gases y Vapores de Hidrocarburos)\u00a0<\/span><br \/><span style=\"color: #333300\">NIOSH 5506, EPA 13 \u2013 HAP\u2019s y COV\u2019s\u00a0<\/span><br \/><span style=\"color: #333300\">NIOSH 0500 y 0600 \u2013 Part\u00edculas totales y\/o respirables, respectivamente\u00a0<\/span><br \/><span style=\"color: #333300\">NIOSH 7300 \u2013 Humos met\u00e1licos\u00a0<\/span><\/p>\n<p>\u00a0<\/p>\n<p><span style=\"color: #333300\">As\u00ed mismo, los m\u00e9todos de medici\u00f3n directa de varios gases son medidos a trav\u00e9s de sensores electroqu\u00edmicos o PID para la determinaci\u00f3n de los mismos, entre los cuales los m\u00e1s comunes son:<\/span><\/p>\n<p>\u00a0<\/p>\n<p><span style=\"color: #333300\">CO\u00a0<\/span><br \/><span style=\"color: #333300\">NOx\u00a0<\/span><br \/><span style=\"color: #333300\">SO2\u00a0<\/span><br \/><span style=\"color: #333300\">CH4\u00a0<\/span><\/p>\n<p>\u00a0<\/p>\n<p><span style=\"color: #333300\">En el Decreto Ejecutivo 2393, numeral 2 literal a, se establece que los empleadores deber\u00e1n realizar una valoraci\u00f3n de riesgos, entre estos el Qu\u00edmico.\u00a0<\/span><\/p>\n<div style=\"margin-top:30px; clear:both;\"><\/div><\/div><div style=\"border-top:7px solid #9b0106;\" id=\"abd-tabs-tab-4\" class=\"rtbs_content\"><h5><span style=\"color: #000000\"><strong>Descripci\u00f3n del Servicio:<\/strong><\/span><\/h5>\n<h5>\u00a0<\/h5>\n<p><span style=\"color: #333300\">La evaluaci\u00f3n de los niveles de iluminaci\u00f3n es realizada en base a la norma NOM-025-STPS-2008, norma que establece dos estrategias de medici\u00f3n:<\/span><\/p>\n<p>\u00a0<\/p>\n<p><span style=\"color: #333300\">Por puesto de trabajo\u00a0<\/span><br \/><span style=\"color: #333300\">Por \u00e1rea de trabajo\u00a0<\/span><\/p>\n<p>\u00a0<\/p>\n<p><span style=\"color: #333300\">El Decreto Ejecutivo 2393 en su Art. 56 establece los niveles de iluminaci\u00f3n m\u00ednimos que los empleadores deben garantizar para el cumplimiento de las normativas nacionales.\u00a0<\/span><\/p>\n<p>\u00a0<\/p>\n<div style=\"margin-top:30px; clear:both;\"><\/div><\/div><div style=\"border-top:7px solid #9b0106;\" id=\"abd-tabs-tab-5\" class=\"rtbs_content\"><h5><span style=\"color: #000000\"><strong>Descripci\u00f3n del Servicio:<\/strong><\/span><\/h5>\n<p>\u00a0<\/p>\n<p>\u00a0<\/p>\n<p><span style=\"color: #333300\">La evaluaci\u00f3n del riesgo de exposici\u00f3n a radiaciones no ionizantes est\u00e1 enfocada a la medici\u00f3n de estos niveles en equipos especializados en la materia y que estos puedan ser comparados con los niveles m\u00e1ximos permisibles determinados en el Libro VI Anexo 10 del Registro oficial N\u00b041 del 14 de Marzo del 2007.\u00a0<\/span><\/p>\n<p>\u00a0<\/p>\n<p><span style=\"color: #333300\">Para el efecto, las radiaciones evaluadas dentro de esta categor\u00eda son:<\/span><\/p>\n<p>\u00a0<\/p>\n<p><span style=\"color: #333300\">\u00a0<\/span><br \/><span style=\"color: #333300\">Campos electromagn\u00e9ticos de 0 Hz hasta 300 GHz: aqu\u00ed entrar\u00edan las radiaciones ELF (bajas en extremo, de 0 Hz a 30 kHz), radiofrecuencias (30 kHz a 300 MHz) y las microondas (300 MHz a 300 GHz).\u00a0<\/span><\/p>\n<p>\u00a0<\/p>\n<div style=\"margin-top:30px; clear:both;\"><\/div><\/div><div style=\"border-top:7px solid #9b0106;\" id=\"abd-tabs-tab-6\" class=\"rtbs_content\"><h5><span style=\"color: #000000\"><strong>Descripci\u00f3n del Servicio:<\/strong><\/span><\/h5>\n<h5><span style=\"color: #000000\"><strong>\u00a0<\/strong><\/span><\/h5>\n<p><span style=\"color: #333300\">La valoraci\u00f3n de las vibraciones y su transmisi\u00f3n en diferentes actividades de la industria con evaluadas y medidas, con un\u00a0 durante 10 minutos. Esta valoraci\u00f3n se ejecuta en base a dos estrategias dependiendo de la actividad ejecutada:\u00a0<\/span><\/p>\n<div style=\"margin-top:30px; clear:both;\"><\/div><\/div><div style=\"border-top:7px solid #9b0106;\" id=\"abd-tabs-tab-7\" class=\"rtbs_content\"><h5><span style=\"color: #000000\"><strong>Cuerpo entero\u00a0<\/strong><\/span><\/h5>\n<p>\u00a0<\/p>\n<p><span style=\"color: #333300\">El Art 11. Obligaciones de los empleadores, numeral 1. Cumplir las disposiciones de este reglamento y dem\u00e1s normas vigentes en materia de prevenci\u00f3n de riesgos. Art 55, numeral 1. La prevenci\u00f3n de riesgos por ruidos y vibraciones se efectuar\u00e1 aplicando la metodolog\u00eda aplicada en el apartado 4 del art\u00edculo 53.\u00a0<\/span><\/p>\n<p>\u00a0<\/p>\n<p><span style=\"color: #333300\">Para las estructuras, si bien no est\u00e1 especificado su l\u00edmite de transmisi\u00f3n en el Decreto Ejecutivo 2393, consta en el TULAS libro VI anexo 5, numeral 4.1.5 Ning\u00fan equipo o instalaci\u00f3n podr\u00e1 transmitir a los elementos s\u00f3lidos que componen la estructura del recinto receptor, los niveles de vibraci\u00f3n superiores a los se\u00f1alados a continuaci\u00f3n (ver tabla 4 del citado numeral)\u00a0<\/span><\/p>\n<div style=\"margin-top:30px; clear:both;\"><\/div><\/div><div style=\"border-top:7px solid #9b0106;\" id=\"abd-tabs-tab-8\" class=\"rtbs_content\"><h5><span style=\"color: #000000\"><strong>Descripci\u00f3n del Servicio:<\/strong><\/span><\/h5>\n<p>\u00a0<\/p>\n<p><span style=\"color: #333300\">La evaluaci\u00f3n del riesgo biol\u00f3gico les proporciona a los clientes una macro visi\u00f3n de la presencia de hongos y\/o bacterias existentes en superficies o en el aire. Esto se lo hace por medio de sistemas de recolecci\u00f3n de muestras (sedimentaci\u00f3n o hisopos, dependiendo del caso).<\/span><\/p>\n<p>\u00a0<\/p>\n<p><span style=\"color: #333300\">El\u00a0 Art 66, numeral 1 indica que en aquellos trabajos en que se manipulen microorganismos o sustancias de origen animal o vegetal susceptibles de transmitir enfermedades infecto-contagiosas, se aplicar\u00e1n medidas de higiene personal y desinfecci\u00f3n de los puestos de trabajo, dot\u00e1ndose al personal de los medios de protecci\u00f3n necesarios. Se efectuar\u00e1n reconocimientos m\u00e9dicos espec\u00edficos de forma peri\u00f3dica. En su caso se utilizar\u00e1 la vacunaci\u00f3n preventiva.\u00a0<\/span><\/p>\n<div style=\"margin-top:30px; clear:both;\"><\/div><\/div><div style=\"border-top:7px solid #9b0106;\" id=\"abd-tabs-tab-9\" class=\"rtbs_content\"><h5><span style=\"color: #000000\"><strong>Descripci\u00f3n del Servicio:<\/strong><\/span><\/h5>\n<p>\u00a0<\/p>\n<p><span style=\"color: #333300\">La valoraci\u00f3n de riesgos ergon\u00f3micos se realiza aplicando la observaci\u00f3n de las distintas actividades que los colaboradores realizan en los diferentes tipos de industria, entre los cuales est\u00e1n:<\/span><\/p>\n<p>\u00a0<\/p>\n<p><span style=\"color: #333300\">Pantallas de Visualizaci\u00f3n de Datos (PDV\u2019s)\u00a0<\/span><br \/><span style=\"color: #333300\">Manipulaci\u00f3n de Cargas\u00a0<\/span><br \/><span style=\"color: #333300\">Posturas Forzadas\u00a0<\/span><br \/><span style=\"color: #333300\">Movimientos repetitivos\u00a0<\/span><br \/><span style=\"color: #333300\">Confort y disconfort t\u00e9rmico\u00a0<\/span><br \/><span style=\"color: #333300\">Confort y disconfort ac\u00fastico\u00a0<\/span><br \/><span style=\"color: #333300\">Confort y disconfort lum\u00ednico<\/span><\/p>\n<p>\u00a0<\/p>\n<p><span style=\"color: #333300\">\u00a0<\/span><br \/><span style=\"color: #333300\">Dentro del Art. 11 de la Decisi\u00f3n 584 en los literales b, c y e, se establece la obligatoriedad de la evaluaci\u00f3n.<\/span><br \/><span style=\"color: #333300\">Una vez realizada la observaci\u00f3n, se realiza la valoraci\u00f3n con varias herramientas gr\u00e1ficas donde se obtienen datos geom\u00e9tricos que permiten realizar una aproximaci\u00f3n de la realidad operativa de los puestos de trabajo.\u00a0<\/span><\/p>\n<div style=\"margin-top:30px; clear:both;\"><\/div><\/div>\r\n    <\/div>\r\n    [\/vc_column_text][vc_empty_space height=\u00bb20px\u00bb][\/vc_column][vc_column width=\u00bb1\/6&#8243;][\/vc_column][\/vc_row][vc_row css_animation=\u00bb\u00bb row_type=\u00bbrow\u00bb use_row_as_full_screen_section=\u00bbno\u00bb type=\u00bbgrid\u00bb angled_section=\u00bbno\u00bb text_align=\u00bbleft\u00bb background_image_as_pattern=\u00bbwithout_pattern\u00bb padding_top=\u00bb90&#8243; padding_bottom=\u00bb75&#8243;][vc_column width=\u00bb1\/2&#8243;][vc_column_text]<\/p>\n<h3>Campos Electromagn\u00e9ticos<\/h3>\n<p>[\/vc_column_text][vc_separator type=\u00bbsmall\u00bb position=\u00bbleft\u00bb][vc_gallery type=\u00bbimage_grid\u00bb images=\u00bb15962&#8243; img_size=\u00bbfull\u00bb column_number=\u00bb2&#8243; grayscale=\u00bbno\u00bb images_space=\u00bbgallery_with_space\u00bb css=\u00bb.vc_custom_1679943967722{border-radius: 3px !important;}\u00bb][vc_separator type=\u00bbnormal\u00bb][vc_column_text]<\/p>\n<h3>Ergonom\u00eda<\/h3>\n<p>[\/vc_column_text][vc_separator type=\u00bbsmall\u00bb position=\u00bbleft\u00bb][vc_gallery type=\u00bbimage_grid\u00bb images=\u00bb15968,15969&#8243; img_size=\u00bbfull\u00bb column_number=\u00bb2&#8243; grayscale=\u00bbno\u00bb images_space=\u00bbgallery_with_space\u00bb][vc_separator type=\u00bbnormal\u00bb][vc_column_text]<\/p>\n<h3>Luminosidad<\/h3>\n<p>[\/vc_column_text][vc_separator type=\u00bbsmall\u00bb position=\u00bbleft\u00bb][vc_gallery type=\u00bbimage_grid\u00bb images=\u00bb15975,15976&#8243; img_size=\u00bbfull\u00bb column_number=\u00bb2&#8243; grayscale=\u00bbno\u00bb images_space=\u00bbgallery_with_space\u00bb][vc_separator type=\u00bbnormal\u00bb][vc_column_text]<\/p>\n<h3>Ruido Laboral<\/h3>\n<p>[\/vc_column_text][vc_separator type=\u00bbsmall\u00bb position=\u00bbleft\u00bb][vc_gallery type=\u00bbimage_grid\u00bb images=\u00bb15981,15982&#8243; img_size=\u00bbfull\u00bb column_number=\u00bb2&#8243; grayscale=\u00bbno\u00bb images_space=\u00bbgallery_with_space\u00bb][vc_separator type=\u00bbnormal\u00bb]\n<div class=\"wpcf7 no-js\" id=\"wpcf7-f15387-o1\" lang=\"en-US\" dir=\"ltr\" data-wpcf7-id=\"15387\">\n<div class=\"screen-reader-response\"><p role=\"status\" aria-live=\"polite\" aria-atomic=\"true\"><\/p> <ul><\/ul><\/div>\n<form action=\"\/index.php\/wp-json\/wp\/v2\/pages\/15951#wpcf7-f15387-o1\" method=\"post\" class=\"wpcf7-form init cf7_custom_style_2\" aria-label=\"Contact form\" novalidate=\"novalidate\" data-status=\"init\">\n<fieldset class=\"hidden-fields-container\"><input type=\"hidden\" name=\"_wpcf7\" value=\"15387\" \/><input type=\"hidden\" name=\"_wpcf7_version\" value=\"6.1.5\" \/><input type=\"hidden\" name=\"_wpcf7_locale\" value=\"en_US\" \/><input type=\"hidden\" name=\"_wpcf7_unit_tag\" value=\"wpcf7-f15387-o1\" \/><input type=\"hidden\" name=\"_wpcf7_container_post\" value=\"0\" \/><input type=\"hidden\" name=\"_wpcf7_posted_data_hash\" value=\"\" \/><input type=\"hidden\" name=\"_wpcf7_recaptcha_response\" value=\"\" \/>\n<\/fieldset>\n<div class=\"two_columns_50_50 clearfix\">\n\n<div class=\"column1\">\n<div class=\"column_inner\">\n<span class=\"wpcf7-form-control-wrap\" data-name=\"first-name\"><input size=\"40\" maxlength=\"400\" class=\"wpcf7-form-control wpcf7-text wpcf7-validates-as-required\" aria-required=\"true\" aria-invalid=\"false\" placeholder=\"Nombre*\" value=\"\" type=\"text\" name=\"first-name\" \/><\/span>\n<\/div>\n<\/div>\n<div class=\"column2\">\n<div class=\"column_inner\">\n<span class=\"wpcf7-form-control-wrap\" data-name=\"last-name\"><input size=\"40\" maxlength=\"400\" class=\"wpcf7-form-control wpcf7-text wpcf7-validates-as-required\" aria-required=\"true\" aria-invalid=\"false\" placeholder=\"Apellido*\" value=\"\" type=\"text\" name=\"last-name\" \/><\/span>\n<\/div>\n<\/div>\n<\/div>\n\n<div class=\"two_columns_50_50 clearfix\">\n\n<div class=\"column1\">\n<div class=\"column_inner\">\n<span class=\"wpcf7-form-control-wrap\" data-name=\"email\"><input size=\"40\" maxlength=\"400\" class=\"wpcf7-form-control wpcf7-text wpcf7-validates-as-required\" aria-required=\"true\" aria-invalid=\"false\" placeholder=\"Email*\" value=\"\" type=\"text\" name=\"email\" \/><\/span>\n<\/div>\n<\/div>\n<div class=\"column2\">\n<div class=\"column_inner\">\n<span class=\"wpcf7-form-control-wrap\" data-name=\"subject\"><input size=\"40\" maxlength=\"400\" class=\"wpcf7-form-control wpcf7-text\" aria-invalid=\"false\" placeholder=\"Tel\u00e9fono\" value=\"\" type=\"text\" name=\"subject\" \/><\/span>\n<\/div>\n<\/div>\n<\/div>\n\n<p><span class=\"wpcf7-form-control-wrap\" data-name=\"message\"><textarea cols=\"40\" rows=\"10\" maxlength=\"2000\" class=\"wpcf7-form-control wpcf7-textarea wpcf7-validates-as-required\" aria-required=\"true\" aria-invalid=\"false\" placeholder=\"Consulta*\" name=\"message\"><\/textarea><\/span><\/p>\n<p><input class=\"wpcf7-form-control wpcf7-submit has-spinner\" type=\"submit\" value=\"CONTACTENOS\" \/><\/p><div class=\"wpcf7-response-output\" aria-hidden=\"true\"><\/div>\n<\/form>\n<\/div>\n[\/vc_column][vc_column width=\u00bb1\/2&#8243;][vc_column_text]<\/p>\n<h3>Confort T\u00e9rmico<\/h3>\n<p>[\/vc_column_text][vc_separator type=\u00bbsmall\u00bb position=\u00bbleft\u00bb][vc_gallery type=\u00bbimage_grid\u00bb images=\u00bb15965,15966&#8243; img_size=\u00bbfull\u00bb column_number=\u00bb2&#8243; grayscale=\u00bbno\u00bb images_space=\u00bbgallery_with_space\u00bb][vc_separator type=\u00bbnormal\u00bb][vc_column_text]<\/p>\n<h3>Estr\u00e9s T\u00e9rmico<\/h3>\n<p>[\/vc_column_text][vc_separator type=\u00bbsmall\u00bb position=\u00bbleft\u00bb][vc_gallery type=\u00bbimage_grid\u00bb images=\u00bb15972,15973&#8243; img_size=\u00bbfull\u00bb column_number=\u00bb2&#8243; grayscale=\u00bbno\u00bb images_space=\u00bbgallery_with_space\u00bb][vc_separator type=\u00bbnormal\u00bb][vc_column_text]<\/p>\n<h3>Riesgo Qu\u00edmico<\/h3>\n<p>[\/vc_column_text][vc_separator type=\u00bbsmall\u00bb position=\u00bbleft\u00bb][vc_gallery type=\u00bbimage_grid\u00bb images=\u00bb15978,15979&#8243; img_size=\u00bbfull\u00bb column_number=\u00bb2&#8243; grayscale=\u00bbno\u00bb images_space=\u00bbgallery_with_space\u00bb][vc_separator type=\u00bbnormal\u00bb][\/vc_column][\/vc_row][vc_row css_animation=\u00bb\u00bb row_type=\u00bbrow\u00bb use_row_as_full_screen_section=\u00bbno\u00bb type=\u00bbfull_width\u00bb angled_section=\u00bbno\u00bb text_align=\u00bbleft\u00bb background_image_as_pattern=\u00bbwithout_pattern\u00bb][vc_column][vc_separator type=\u00bbnormal\u00bb down=\u00bb50px\u00bb][\/vc_column][\/vc_row]<\/p>\n","protected":false},"excerpt":{"rendered":"<p>[vc_row css_animation=\u00bb\u00bb row_type=\u00bbrow\u00bb use_row_as_full_screen_section=\u00bbno\u00bb type=\u00bbfull_width\u00bb angled_section=\u00bbno\u00bb text_align=\u00bbleft\u00bb background_image_as_pattern=\u00bbwithout_pattern\u00bb][vc_column width=\u00bb1\/6&#8243;][\/vc_column][vc_column width=\u00bb2\/3&#8243;][vc_column_text][\/vc_column_text][vc_empty_space height=\u00bb20px\u00bb][\/vc_column][vc_column width=\u00bb1\/6&#8243;][\/vc_column][\/vc_row][vc_row css_animation=\u00bb\u00bb row_type=\u00bbrow\u00bb use_row_as_full_screen_section=\u00bbno\u00bb type=\u00bbgrid\u00bb angled_section=\u00bbno\u00bb text_align=\u00bbleft\u00bb background_image_as_pattern=\u00bbwithout_pattern\u00bb padding_top=\u00bb90&#8243; padding_bottom=\u00bb75&#8243;][vc_column width=\u00bb1\/2&#8243;][vc_column_text] Campos Electromagn\u00e9ticos [\/vc_column_text][vc_separator type=\u00bbsmall\u00bb position=\u00bbleft\u00bb][vc_gallery type=\u00bbimage_grid\u00bb images=\u00bb15962&#8243; img_size=\u00bbfull\u00bb column_number=\u00bb2&#8243; grayscale=\u00bbno\u00bb images_space=\u00bbgallery_with_space\u00bb css=\u00bb.vc_custom_1679943967722{border-radius: 3px !important;}\u00bb][vc_separator type=\u00bbnormal\u00bb][vc_column_text] Ergonom\u00eda [\/vc_column_text][vc_separator type=\u00bbsmall\u00bb position=\u00bbleft\u00bb][vc_gallery type=\u00bbimage_grid\u00bb images=\u00bb15968,15969&#8243; img_size=\u00bbfull\u00bb column_number=\u00bb2&#8243;&#8230;<\/p>\n","protected":false},"author":1,"featured_media":0,"parent":0,"menu_order":0,"comment_status":"open","ping_status":"open","template":"full_width.php","meta":{"footnotes":""},"class_list":["post-15951","page","type-page","status-publish","hentry"],"_links":{"self":[{"href":"https:\/\/nueva.abdrisk.com\/index.php\/wp-json\/wp\/v2\/pages\/15951","targetHints":{"allow":["GET"]}}],"collection":[{"href":"https:\/\/nueva.abdrisk.com\/index.php\/wp-json\/wp\/v2\/pages"}],"about":[{"href":"https:\/\/nueva.abdrisk.com\/index.php\/wp-json\/wp\/v2\/types\/page"}],"author":[{"embeddable":true,"href":"https:\/\/nueva.abdrisk.com\/index.php\/wp-json\/wp\/v2\/users\/1"}],"replies":[{"embeddable":true,"href":"https:\/\/nueva.abdrisk.com\/index.php\/wp-json\/wp\/v2\/comments?post=15951"}],"version-history":[{"count":52,"href":"https:\/\/nueva.abdrisk.com\/index.php\/wp-json\/wp\/v2\/pages\/15951\/revisions"}],"predecessor-version":[{"id":16222,"href":"https:\/\/nueva.abdrisk.com\/index.php\/wp-json\/wp\/v2\/pages\/15951\/revisions\/16222"}],"wp:attachment":[{"href":"https:\/\/nueva.abdrisk.com\/index.php\/wp-json\/wp\/v2\/media?parent=15951"}],"curies":[{"name":"wp","href":"https:\/\/api.w.org\/{rel}","templated":true}]}}