{"id":16239,"date":"2024-03-30T15:56:10","date_gmt":"2024-03-30T15:56:10","guid":{"rendered":"https:\/\/nueva.abdrisk.com\/?page_id=16239"},"modified":"2024-07-02T21:45:45","modified_gmt":"2024-07-02T21:45:45","slug":"abi","status":"publish","type":"page","link":"https:\/\/nueva.abdrisk.com\/index.php\/abi\/","title":{"rendered":"ABI"},"content":{"rendered":"\t\t<div data-elementor-type=\"wp-page\" data-elementor-id=\"16239\" class=\"elementor elementor-16239\">\n\t\t\t\t<div class=\"elementor-element elementor-element-8ac3d76 e-flex e-con-boxed e-con e-parent\" data-id=\"8ac3d76\" data-element_type=\"container\" data-e-type=\"container\">\n\t\t\t\t\t<div class=\"e-con-inner\">\n\t\t\t\t\t<\/div>\n\t\t\t\t<\/div>\n\t\t<div class=\"elementor-element elementor-element-2f161d9 e-flex e-con-boxed e-con e-parent\" data-id=\"2f161d9\" data-element_type=\"container\" data-e-type=\"container\">\n\t\t\t\t\t<div class=\"e-con-inner\">\n\t\t<div class=\"elementor-element elementor-element-049a7e8 e-flex e-con-boxed e-con e-child\" data-id=\"049a7e8\" data-element_type=\"container\" data-e-type=\"container\">\n\t\t\t\t\t<div class=\"e-con-inner\">\n\t\t\t\t<div class=\"elementor-element elementor-element-40bdbb3 elementor-widget elementor-widget-image\" data-id=\"40bdbb3\" data-element_type=\"widget\" data-e-type=\"widget\" data-widget_type=\"image.default\">\n\t\t\t\t<div class=\"elementor-widget-container\">\n\t\t\t\t\t\t\t\t\t\t\t\t\t\t\t<img decoding=\"async\" src=\"https:\/\/nueva.abdrisk.com\/wp-content\/uploads\/elementor\/thumbs\/pag_abi_img_001-qm0384swedp4sppkw3y5rtxybavo3tqllux15b0f9g.jpg\" title=\"pag_abi_img_001\" alt=\"pag_abi_img_001\" loading=\"lazy\" \/>\t\t\t\t\t\t\t\t\t\t\t\t\t\t\t<\/div>\n\t\t\t\t<\/div>\n\t\t\t\t<div class=\"elementor-element elementor-element-823031a elementor-widget elementor-widget-text-editor\" data-id=\"823031a\" data-element_type=\"widget\" data-e-type=\"widget\" data-widget_type=\"text-editor.default\">\n\t\t\t\t<div class=\"elementor-widget-container\">\n\t\t\t\t\t\t\t\t\t<div style=\"text-align: center; color: #34495e; font-size: 17px;\">Maneja y visualiza de manera integral, las obligaciones de Seguridad Industrial, Salud Ocupacional y Gesti\u00f3n Ambiental de tu Empresa.<\/div>\t\t\t\t\t\t\t\t<\/div>\n\t\t\t\t<\/div>\n\t\t\t\t\t<\/div>\n\t\t\t\t<\/div>\n\t\t\t\t\t<\/div>\n\t\t\t\t<\/div>\n\t\t<div class=\"elementor-element elementor-element-ad876ef e-flex e-con-boxed e-con e-parent\" data-id=\"ad876ef\" data-element_type=\"container\" data-e-type=\"container\">\n\t\t\t\t\t<div class=\"e-con-inner\">\n\t\t\t\t\t<\/div>\n\t\t\t\t<\/div>\n\t\t<div class=\"elementor-element elementor-element-2cfbdb1 e-flex e-con-boxed e-con e-parent\" data-id=\"2cfbdb1\" data-element_type=\"container\" data-e-type=\"container\">\n\t\t\t\t\t<div class=\"e-con-inner\">\n\t\t<div class=\"elementor-element elementor-element-ee87638 e-flex e-con-boxed e-con e-child\" data-id=\"ee87638\" data-element_type=\"container\" data-e-type=\"container\">\n\t\t\t\t\t<div class=\"e-con-inner\">\n\t\t\t\t<div class=\"elementor-element elementor-element-ef3f311 elementor-widget elementor-widget-image\" data-id=\"ef3f311\" data-element_type=\"widget\" data-e-type=\"widget\" data-widget_type=\"image.default\">\n\t\t\t\t<div class=\"elementor-widget-container\">\n\t\t\t\t\t\t\t\t\t\t\t\t\t\t\t<img decoding=\"async\" width=\"235\" height=\"176\" src=\"https:\/\/nueva.abdrisk.com\/wp-content\/uploads\/2024\/04\/pag_abi_img_002.jpg\" class=\"attachment-large size-large wp-image-16267\" alt=\"\" \/>\t\t\t\t\t\t\t\t\t\t\t\t\t\t\t<\/div>\n\t\t\t\t<\/div>\n\t\t\t\t<div class=\"elementor-element elementor-element-4ebb758 elementor-widget elementor-widget-image\" data-id=\"4ebb758\" data-element_type=\"widget\" data-e-type=\"widget\" data-widget_type=\"image.default\">\n\t\t\t\t<div class=\"elementor-widget-container\">\n\t\t\t\t\t\t\t\t\t\t\t\t\t\t\t<img fetchpriority=\"high\" decoding=\"async\" width=\"300\" height=\"168\" src=\"https:\/\/nueva.abdrisk.com\/wp-content\/uploads\/2024\/04\/pag_abi_img_003-300x168.jpg\" class=\"attachment-medium size-medium wp-image-16269\" alt=\"\" srcset=\"https:\/\/nueva.abdrisk.com\/wp-content\/uploads\/2024\/04\/pag_abi_img_003-300x168.jpg 300w, https:\/\/nueva.abdrisk.com\/wp-content\/uploads\/2024\/04\/pag_abi_img_003-700x393.jpg 700w, https:\/\/nueva.abdrisk.com\/wp-content\/uploads\/2024\/04\/pag_abi_img_003-539x303.jpg 539w, https:\/\/nueva.abdrisk.com\/wp-content\/uploads\/2024\/04\/pag_abi_img_003-600x337.jpg 600w, https:\/\/nueva.abdrisk.com\/wp-content\/uploads\/2024\/04\/pag_abi_img_003.jpg 704w\" sizes=\"(max-width: 300px) 100vw, 300px\" \/>\t\t\t\t\t\t\t\t\t\t\t\t\t\t\t<\/div>\n\t\t\t\t<\/div>\n\t\t\t\t\t<\/div>\n\t\t\t\t<\/div>\n\t\t<div class=\"elementor-element elementor-element-cbadcf2 e-con-full e-flex e-con e-child\" data-id=\"cbadcf2\" data-element_type=\"container\" data-e-type=\"container\">\n\t\t\t\t<div class=\"elementor-element elementor-element-cbff9cd elementor-widget elementor-widget-text-editor\" data-id=\"cbff9cd\" data-element_type=\"widget\" data-e-type=\"widget\" data-widget_type=\"text-editor.default\">\n\t\t\t\t<div class=\"elementor-widget-container\">\n\t\t\t\t\t\t\t\t\t<div style=\"color: #34495e; font-size: 17px; text-align: center;\">ABI \u00ae es una plataforma web y m\u00f3vil que te permitir\u00e1 administrar tus obligaciones de Seguridad Industrial, Salud Ocupacional y Gesti\u00f3n Ambiental de manera f\u00e1cil e integral.<\/div>\t\t\t\t\t\t\t\t<\/div>\n\t\t\t\t<\/div>\n\t\t\t\t<\/div>\n\t\t\t\t\t<\/div>\n\t\t\t\t<\/div>\n\t\t<div class=\"elementor-element elementor-element-fd28989 e-flex e-con-boxed e-con e-parent\" data-id=\"fd28989\" data-element_type=\"container\" data-e-type=\"container\">\n\t\t\t\t\t<div class=\"e-con-inner\">\n\t\t\t\t\t<\/div>\n\t\t\t\t<\/div>\n\t\t<div class=\"elementor-element elementor-element-b2d7b61 e-flex e-con-boxed e-con e-parent\" data-id=\"b2d7b61\" data-element_type=\"container\" data-e-type=\"container\">\n\t\t\t\t\t<div class=\"e-con-inner\">\n\t\t<div class=\"elementor-element elementor-element-899ca82 e-con-full e-flex e-con e-child\" data-id=\"899ca82\" data-element_type=\"container\" data-e-type=\"container\">\n\t\t\t\t<div class=\"elementor-element elementor-element-43498d2 elementor-widget elementor-widget-image\" data-id=\"43498d2\" data-element_type=\"widget\" data-e-type=\"widget\" data-widget_type=\"image.default\">\n\t\t\t\t<div class=\"elementor-widget-container\">\n\t\t\t\t\t\t\t\t\t\t\t\t\t\t\t<img decoding=\"async\" width=\"100\" height=\"74\" src=\"https:\/\/nueva.abdrisk.com\/wp-content\/uploads\/2024\/04\/pag_abi_img_004.jpg\" class=\"attachment-medium_large size-medium_large wp-image-16279\" alt=\"\" \/>\t\t\t\t\t\t\t\t\t\t\t\t\t\t\t<\/div>\n\t\t\t\t<\/div>\n\t\t<div class=\"elementor-element elementor-element-e0d7cd7 e-con-full e-flex e-con e-child\" data-id=\"e0d7cd7\" data-element_type=\"container\" data-e-type=\"container\">\n\t\t\t\t<div class=\"elementor-element elementor-element-0cc3921 elementor-widget elementor-widget-text-editor\" data-id=\"0cc3921\" data-element_type=\"widget\" data-e-type=\"widget\" data-widget_type=\"text-editor.default\">\n\t\t\t\t<div class=\"elementor-widget-container\">\n\t\t\t\t\t\t\t\t\t<div style=\"color: #34495e; font-size: 15px; text-align: center;\">Indicadores de Gesti\u00f3n al alcance de un click.<\/div>\t\t\t\t\t\t\t\t<\/div>\n\t\t\t\t<\/div>\n\t\t\t\t<\/div>\n\t\t\t\t<\/div>\n\t\t<div class=\"elementor-element elementor-element-52a0aad e-con-full e-flex e-con e-child\" data-id=\"52a0aad\" data-element_type=\"container\" data-e-type=\"container\">\n\t\t\t\t<div class=\"elementor-element elementor-element-f236888 elementor-widget elementor-widget-video\" data-id=\"f236888\" data-element_type=\"widget\" data-e-type=\"widget\" data-settings=\"{&quot;video_type&quot;:&quot;hosted&quot;,&quot;start&quot;:0,&quot;autoplay&quot;:&quot;yes&quot;,&quot;play_on_mobile&quot;:&quot;yes&quot;,&quot;loop&quot;:&quot;yes&quot;}\" data-widget_type=\"video.default\">\n\t\t\t\t<div class=\"elementor-widget-container\">\n\t\t\t\t\t\t\t<div class=\"e-hosted-video elementor-wrapper elementor-open-inline\">\n\t\t\t\t\t<video class=\"elementor-video\" src=\"https:\/\/nueva.abdrisk.com\/wp-content\/uploads\/2024\/04\/pag_abi_vid_001.mp4\" autoplay=\"\" loop=\"\" playsinline=\"\" controlsList=\"nodownload\"><\/video>\n\t\t\t\t<\/div>\n\t\t\t\t\t\t<\/div>\n\t\t\t\t<\/div>\n\t\t<div class=\"elementor-element elementor-element-d055e80 e-con-full e-flex e-con e-child\" data-id=\"d055e80\" data-element_type=\"container\" data-e-type=\"container\">\n\t\t\t\t<div class=\"elementor-element elementor-element-c6a2e66 elementor-widget elementor-widget-text-editor\" data-id=\"c6a2e66\" data-element_type=\"widget\" data-e-type=\"widget\" data-widget_type=\"text-editor.default\">\n\t\t\t\t<div class=\"elementor-widget-container\">\n\t\t\t\t\t\t\t\t\t<div style=\"color: #34495e; font-size: 15px; text-align: center;\">Seguimiento Personalizado de acuerdo a tus necesidades.<\/div>\t\t\t\t\t\t\t\t<\/div>\n\t\t\t\t<\/div>\n\t\t\t\t<\/div>\n\t\t\t\t<\/div>\n\t\t<div class=\"elementor-element elementor-element-3800c3c e-con-full e-flex e-con e-child\" data-id=\"3800c3c\" data-element_type=\"container\" data-e-type=\"container\">\n\t\t\t\t<div class=\"elementor-element elementor-element-173db14 elementor-widget elementor-widget-image\" data-id=\"173db14\" data-element_type=\"widget\" data-e-type=\"widget\" data-widget_type=\"image.default\">\n\t\t\t\t<div class=\"elementor-widget-container\">\n\t\t\t\t\t\t\t\t\t\t\t\t\t\t\t<img loading=\"lazy\" decoding=\"async\" width=\"150\" height=\"150\" src=\"https:\/\/nueva.abdrisk.com\/wp-content\/uploads\/2024\/04\/pag_abi_img_005-150x150.jpg\" class=\"attachment-thumbnail size-thumbnail wp-image-16282\" alt=\"\" srcset=\"https:\/\/nueva.abdrisk.com\/wp-content\/uploads\/2024\/04\/pag_abi_img_005-150x150.jpg 150w, https:\/\/nueva.abdrisk.com\/wp-content\/uploads\/2024\/04\/pag_abi_img_005.jpg 270w\" sizes=\"(max-width: 150px) 100vw, 150px\" \/>\t\t\t\t\t\t\t\t\t\t\t\t\t\t\t<\/div>\n\t\t\t\t<\/div>\n\t\t<div class=\"elementor-element elementor-element-352fea0 e-con-full e-flex e-con e-child\" data-id=\"352fea0\" data-element_type=\"container\" data-e-type=\"container\">\n\t\t\t\t<div class=\"elementor-element elementor-element-0d187ad elementor-widget elementor-widget-text-editor\" data-id=\"0d187ad\" data-element_type=\"widget\" data-e-type=\"widget\" data-widget_type=\"text-editor.default\">\n\t\t\t\t<div class=\"elementor-widget-container\">\n\t\t\t\t\t\t\t\t\t<div style=\"color: #34495e; font-size: 15px; text-align: center;\">Reportes Gerenciales.<\/div>\t\t\t\t\t\t\t\t<\/div>\n\t\t\t\t<\/div>\n\t\t\t\t<\/div>\n\t\t\t\t<\/div>\n\t\t<div class=\"elementor-element elementor-element-eb86930 e-con-full e-flex e-con e-child\" data-id=\"eb86930\" data-element_type=\"container\" data-e-type=\"container\">\n\t\t\t\t<div class=\"elementor-element elementor-element-aca8439 elementor-widget elementor-widget-video\" data-id=\"aca8439\" data-element_type=\"widget\" data-e-type=\"widget\" data-settings=\"{&quot;video_type&quot;:&quot;hosted&quot;,&quot;autoplay&quot;:&quot;yes&quot;,&quot;loop&quot;:&quot;yes&quot;}\" data-widget_type=\"video.default\">\n\t\t\t\t<div class=\"elementor-widget-container\">\n\t\t\t\t\t\t\t<div class=\"e-hosted-video elementor-wrapper elementor-open-inline\">\n\t\t\t\t\t<video class=\"elementor-video\" src=\"https:\/\/nueva.abdrisk.com\/wp-content\/uploads\/2024\/04\/pag_abi_vid_002.mp4\" autoplay=\"\" loop=\"\" controlsList=\"nodownload\"><\/video>\n\t\t\t\t<\/div>\n\t\t\t\t\t\t<\/div>\n\t\t\t\t<\/div>\n\t\t<div class=\"elementor-element elementor-element-dd5ec87 e-con-full e-flex e-con e-child\" data-id=\"dd5ec87\" data-element_type=\"container\" data-e-type=\"container\">\n\t\t\t\t<div class=\"elementor-element elementor-element-e9457be elementor-widget elementor-widget-text-editor\" data-id=\"e9457be\" data-element_type=\"widget\" data-e-type=\"widget\" data-widget_type=\"text-editor.default\">\n\t\t\t\t<div class=\"elementor-widget-container\">\n\t\t\t\t\t\t\t\t\t<div style=\"color: #34495e; font-size: 15px; text-align: center;\">Notificaciones Autom\u00e1ticas.<\/div>\t\t\t\t\t\t\t\t<\/div>\n\t\t\t\t<\/div>\n\t\t\t\t<\/div>\n\t\t\t\t<\/div>\n\t\t\t\t\t<\/div>\n\t\t\t\t<\/div>\n\t\t<div class=\"elementor-element elementor-element-62d48c4 e-flex e-con-boxed e-con e-parent\" data-id=\"62d48c4\" data-element_type=\"container\" data-e-type=\"container\">\n\t\t\t\t\t<div class=\"e-con-inner\">\n\t\t\t\t\t<\/div>\n\t\t\t\t<\/div>\n\t\t<div class=\"elementor-element elementor-element-49a9fe5 e-flex e-con-boxed e-con e-parent\" data-id=\"49a9fe5\" data-element_type=\"container\" data-e-type=\"container\">\n\t\t\t\t\t<div class=\"e-con-inner\">\n\t\t<div class=\"elementor-element elementor-element-93cb037 e-con-full e-flex e-con e-child\" data-id=\"93cb037\" data-element_type=\"container\" data-e-type=\"container\">\n\t\t\t\t<div class=\"elementor-element elementor-element-d14a8ca elementor-widget elementor-widget-text-editor\" data-id=\"d14a8ca\" data-element_type=\"widget\" data-e-type=\"widget\" data-widget_type=\"text-editor.default\">\n\t\t\t\t<div class=\"elementor-widget-container\">\n\t\t\t\t\t\t\t\t\t<div style=\"color: #34495e; font-size: 17px; text-align: center;\">Administrar las obligaciones de Seguridad y Salud Ocupacional del SUT del Ministerio del Trabajo.<\/div>\t\t\t\t\t\t\t\t<\/div>\n\t\t\t\t<\/div>\n\t\t\t\t<\/div>\n\t\t<div class=\"elementor-element elementor-element-ff13304 e-con-full e-flex e-con e-child\" data-id=\"ff13304\" data-element_type=\"container\" data-e-type=\"container\">\n\t\t\t\t<div class=\"elementor-element elementor-element-cec5614 elementor-widget elementor-widget-image\" data-id=\"cec5614\" data-element_type=\"widget\" data-e-type=\"widget\" data-widget_type=\"image.default\">\n\t\t\t\t<div class=\"elementor-widget-container\">\n\t\t\t\t\t\t\t\t\t\t\t\t\t\t\t<img loading=\"lazy\" decoding=\"async\" width=\"300\" height=\"195\" src=\"https:\/\/nueva.abdrisk.com\/wp-content\/uploads\/2024\/04\/pag_abi_img_006-300x195.jpg\" class=\"attachment-medium size-medium wp-image-16334\" alt=\"\" srcset=\"https:\/\/nueva.abdrisk.com\/wp-content\/uploads\/2024\/04\/pag_abi_img_006-300x195.jpg 300w, https:\/\/nueva.abdrisk.com\/wp-content\/uploads\/2024\/04\/pag_abi_img_006-400x260.jpg 400w, https:\/\/nueva.abdrisk.com\/wp-content\/uploads\/2024\/04\/pag_abi_img_006.jpg 494w\" sizes=\"(max-width: 300px) 100vw, 300px\" \/>\t\t\t\t\t\t\t\t\t\t\t\t\t\t\t<\/div>\n\t\t\t\t<\/div>\n\t\t\t\t<\/div>\n\t\t\t\t\t<\/div>\n\t\t\t\t<\/div>\n\t\t<div class=\"elementor-element elementor-element-61da2e3 e-flex e-con-boxed e-con e-parent\" data-id=\"61da2e3\" data-element_type=\"container\" data-e-type=\"container\">\n\t\t\t\t\t<div class=\"e-con-inner\">\n\t\t<div class=\"elementor-element elementor-element-5a3405c e-con-full e-flex e-con e-child\" data-id=\"5a3405c\" data-element_type=\"container\" data-e-type=\"container\">\n\t\t\t\t<div class=\"elementor-element elementor-element-16e92a1 elementor-widget elementor-widget-image\" data-id=\"16e92a1\" data-element_type=\"widget\" data-e-type=\"widget\" data-widget_type=\"image.default\">\n\t\t\t\t<div class=\"elementor-widget-container\">\n\t\t\t\t\t\t\t\t\t\t\t\t\t\t\t<img loading=\"lazy\" decoding=\"async\" width=\"204\" height=\"128\" src=\"https:\/\/nueva.abdrisk.com\/wp-content\/uploads\/2024\/04\/pag_abi_img_007.jpg\" class=\"attachment-medium_large size-medium_large wp-image-16347\" alt=\"\" \/>\t\t\t\t\t\t\t\t\t\t\t\t\t\t\t<\/div>\n\t\t\t\t<\/div>\n\t\t\t\t<\/div>\n\t\t<div class=\"elementor-element elementor-element-444216f e-con-full e-flex e-con e-child\" data-id=\"444216f\" data-element_type=\"container\" data-e-type=\"container\">\n\t\t\t\t<div class=\"elementor-element elementor-element-2ca88dd elementor-widget elementor-widget-text-editor\" data-id=\"2ca88dd\" data-element_type=\"widget\" data-e-type=\"widget\" data-widget_type=\"text-editor.default\">\n\t\t\t\t<div class=\"elementor-widget-container\">\n\t\t\t\t\t\t\t\t\t<div style=\"color: #34495e; font-size: 17px; text-align: center;\">Administrar y controlar la gesti\u00f3n ambiental de tu empresa a trav\u00e9s de tu Plan de Manejo Ambiental.<\/div>\t\t\t\t\t\t\t\t<\/div>\n\t\t\t\t<\/div>\n\t\t\t\t<\/div>\n\t\t\t\t\t<\/div>\n\t\t\t\t<\/div>\n\t\t<div class=\"elementor-element elementor-element-f81e3ff e-flex e-con-boxed e-con e-parent\" data-id=\"f81e3ff\" data-element_type=\"container\" data-e-type=\"container\">\n\t\t\t\t\t<div class=\"e-con-inner\">\n\t\t<div class=\"elementor-element elementor-element-3a119d9 e-con-full e-flex e-con e-child\" data-id=\"3a119d9\" data-element_type=\"container\" data-e-type=\"container\">\n\t\t\t\t<div class=\"elementor-element elementor-element-b655175 elementor-widget elementor-widget-text-editor\" data-id=\"b655175\" data-element_type=\"widget\" data-e-type=\"widget\" data-widget_type=\"text-editor.default\">\n\t\t\t\t<div class=\"elementor-widget-container\">\n\t\t\t\t\t\t\t\t\t<div style=\"color: #34495e; font-size: 17px; text-align: center;\">Recibir y revisar tus resultados de Monitoreos de Higiene Industrial y Monitoreos Ambientales.<\/div>\t\t\t\t\t\t\t\t<\/div>\n\t\t\t\t<\/div>\n\t\t\t\t<\/div>\n\t\t<div class=\"elementor-element elementor-element-d480742 e-con-full e-flex e-con e-child\" data-id=\"d480742\" data-element_type=\"container\" data-e-type=\"container\">\n\t\t\t\t<div class=\"elementor-element elementor-element-5d66e73 elementor-widget elementor-widget-image\" data-id=\"5d66e73\" data-element_type=\"widget\" data-e-type=\"widget\" data-widget_type=\"image.default\">\n\t\t\t\t<div class=\"elementor-widget-container\">\n\t\t\t\t\t\t\t\t\t\t\t\t\t\t\t<img loading=\"lazy\" decoding=\"async\" width=\"457\" height=\"222\" src=\"https:\/\/nueva.abdrisk.com\/wp-content\/uploads\/2024\/04\/pag_abi_img_008.jpg\" class=\"attachment-large size-large wp-image-16357\" alt=\"\" srcset=\"https:\/\/nueva.abdrisk.com\/wp-content\/uploads\/2024\/04\/pag_abi_img_008.jpg 457w, https:\/\/nueva.abdrisk.com\/wp-content\/uploads\/2024\/04\/pag_abi_img_008-300x146.jpg 300w\" sizes=\"(max-width: 457px) 100vw, 457px\" \/>\t\t\t\t\t\t\t\t\t\t\t\t\t\t\t<\/div>\n\t\t\t\t<\/div>\n\t\t\t\t<\/div>\n\t\t\t\t\t<\/div>\n\t\t\t\t<\/div>\n\t\t<div class=\"elementor-element elementor-element-a52f7f3 e-flex e-con-boxed e-con e-parent\" data-id=\"a52f7f3\" data-element_type=\"container\" data-e-type=\"container\">\n\t\t\t\t\t<div class=\"e-con-inner\">\n\t\t\t\t\t<\/div>\n\t\t\t\t<\/div>\n\t\t<div class=\"elementor-element elementor-element-e7b6c0e e-flex e-con-boxed e-con e-parent\" data-id=\"e7b6c0e\" data-element_type=\"container\" data-e-type=\"container\">\n\t\t\t\t\t<div class=\"e-con-inner\">\n\t\t\t\t<div class=\"elementor-element elementor-element-0099e29 elementor-widget elementor-widget-text-editor\" data-id=\"0099e29\" data-element_type=\"widget\" data-e-type=\"widget\" data-widget_type=\"text-editor.default\">\n\t\t\t\t<div class=\"elementor-widget-container\">\n\t\t\t\t\t\t\t\t\t<div style=\"color: #2980B9; font-size: 20px; text-align: center; font-weight: bold;\">Con ABI\u00ae, reduces costos y tiempo en la gesti\u00f3n de Seguridad, Salud y Ambiente, generando beneficios econ\u00f3micos para tu empresa, manejando y ajust\u00e1ndose a cualquier tipo de organizaci\u00f3n.<\/div>\t\t\t\t\t\t\t\t<\/div>\n\t\t\t\t<\/div>\n\t\t\t\t\t<\/div>\n\t\t\t\t<\/div>\n\t\t<div class=\"elementor-element elementor-element-9948a6d e-flex e-con-boxed e-con e-parent\" data-id=\"9948a6d\" data-element_type=\"container\" data-e-type=\"container\">\n\t\t\t\t\t<div class=\"e-con-inner\">\n\t\t\t\t<div class=\"elementor-element elementor-element-6412323 elementor-align-center elementor-widget elementor-widget-button\" data-id=\"6412323\" data-element_type=\"widget\" data-e-type=\"widget\" data-widget_type=\"button.default\">\n\t\t\t\t<div class=\"elementor-widget-container\">\n\t\t\t\t\t\t\t\t\t<div class=\"elementor-button-wrapper\">\n\t\t\t\t\t<a class=\"elementor-button elementor-button-link elementor-size-sm\" href=\"https:\/\/nueva.abdrisk.com\/abi\">\n\t\t\t\t\t\t<span class=\"elementor-button-content-wrapper\">\n\t\t\t\t\t\t\t\t\t<span class=\"elementor-button-text\">Haz clic aqu\u00ed<\/span>\n\t\t\t\t\t<\/span>\n\t\t\t\t\t<\/a>\n\t\t\t\t<\/div>\n\t\t\t\t\t\t\t\t<\/div>\n\t\t\t\t<\/div>\n\t\t\t\t\t<\/div>\n\t\t\t\t<\/div>\n\t\t\t\t<\/div>\n\t\t","protected":false},"excerpt":{"rendered":"<p>Maneja y visualiza de manera integral, las obligaciones de Seguridad Industrial, Salud Ocupacional y Gesti\u00f3n Ambiental de tu Empresa. ABI \u00ae es una plataforma web y m\u00f3vil que te permitir\u00e1 administrar tus obligaciones de Seguridad Industrial, Salud Ocupacional y Gesti\u00f3n Ambiental de manera f\u00e1cil e&#8230;<\/p>\n","protected":false},"author":1,"featured_media":0,"parent":0,"menu_order":0,"comment_status":"closed","ping_status":"closed","template":"elementor_header_footer","meta":{"footnotes":""},"class_list":["post-16239","page","type-page","status-publish","hentry"],"_links":{"self":[{"href":"https:\/\/nueva.abdrisk.com\/index.php\/wp-json\/wp\/v2\/pages\/16239","targetHints":{"allow":["GET"]}}],"collection":[{"href":"https:\/\/nueva.abdrisk.com\/index.php\/wp-json\/wp\/v2\/pages"}],"about":[{"href":"https:\/\/nueva.abdrisk.com\/index.php\/wp-json\/wp\/v2\/types\/page"}],"author":[{"embeddable":true,"href":"https:\/\/nueva.abdrisk.com\/index.php\/wp-json\/wp\/v2\/users\/1"}],"replies":[{"embeddable":true,"href":"https:\/\/nueva.abdrisk.com\/index.php\/wp-json\/wp\/v2\/comments?post=16239"}],"version-history":[{"count":116,"href":"https:\/\/nueva.abdrisk.com\/index.php\/wp-json\/wp\/v2\/pages\/16239\/revisions"}],"predecessor-version":[{"id":16404,"href":"https:\/\/nueva.abdrisk.com\/index.php\/wp-json\/wp\/v2\/pages\/16239\/revisions\/16404"}],"wp:attachment":[{"href":"https:\/\/nueva.abdrisk.com\/index.php\/wp-json\/wp\/v2\/media?parent=16239"}],"curies":[{"name":"wp","href":"https:\/\/api.w.org\/{rel}","templated":true}]}}